{"id":51,"date":"2021-06-01T21:11:55","date_gmt":"2021-06-01T19:11:55","guid":{"rendered":"https:\/\/artconsult.fr\/?page_id=51"},"modified":"2025-11-13T17:05:38","modified_gmt":"2025-11-13T16:05:38","slug":"contact-2","status":"publish","type":"page","link":"https:\/\/agneskarp.com\/en\/contact-2\/","title":{"rendered":"Contact"},"content":{"rendered":"<p>[et_pb_section fb_built=\u00a0\u00bb1&Prime; _builder_version=\u00a0\u00bb4.16&Prime; _module_preset=\u00a0\u00bbdefault\u00a0\u00bb global_colors_info=\u00a0\u00bb{}\u00a0\u00bb][et_pb_row _builder_version=\u00a0\u00bb4.16&Prime; _module_preset=\u00a0\u00bbdefault\u00a0\u00bb width_tablet=\u00a0\u00bb92%\u00a0\u00bb width_phone=\u00a0\u00bb100%\u00a0\u00bb width_last_edited=\u00a0\u00bbon|phone\u00a0\u00bb custom_margin_tablet=\u00a0\u00bb\u00a0\u00bb custom_margin_phone=\u00a0\u00bb0px||||false|false\u00a0\u00bb custom_margin_last_edited=\u00a0\u00bbon|tablet\u00a0\u00bb custom_padding=\u00a0\u00bb0px|10px||10px|false|false\u00a0\u00bb hover_enabled=\u00a0\u00bb0&Prime; module_alignment_tablet=\u00a0\u00bb\u00a0\u00bb module_alignment_phone=\u00a0\u00bbcenter\u00a0\u00bb module_alignment_last_edited=\u00a0\u00bbon|phone\u00a0\u00bb global_colors_info=\u00a0\u00bb{}\u00a0\u00bb sticky_enabled=\u00a0\u00bb0&Prime; global_module=\u00a0\u00bb10072&Prime; saved_tabs=\u00a0\u00bball\u00a0\u00bb][et_pb_column type=\u00a0\u00bb4_4&Prime; _builder_version=\u00a0\u00bb4.16&Prime; _module_preset=\u00a0\u00bbdefault\u00a0\u00bb global_colors_info=\u00a0\u00bb{}\u00a0\u00bb][et_pb_image src=\u00a0\u00bbhttps:\/\/agneskarp.com\/wp-content\/uploads\/2025\/07\/cropped-AGNES-KARP.png\u00a0\u00bb _builder_version=\u00a0\u00bb4.27.4&Prime; _module_preset=\u00a0\u00bbdefault\u00a0\u00bb title_text=\u00a0\u00bbcropped-AGNES-KARP.png\u00a0\u00bb hover_enabled=\u00a0\u00bb0&Prime; sticky_enabled=\u00a0\u00bb0&Prime; align=\u00a0\u00bbcenter\u00a0\u00bb width=\u00a0\u00bb9%\u00a0\u00bb][\/et_pb_image][et_pb_text _builder_version=\u00a0\u00bb4.16&Prime; _module_preset=\u00a0\u00bbdefault\u00a0\u00bb text_font=\u00a0\u00bbCaslonCP|300|||||||\u00a0\u00bb text_font_size=\u00a0\u00bb26px\u00a0\u00bb text_line_height=\u00a0\u00bb29.54px\u00a0\u00bb text_orientation=\u00a0\u00bbcenter\u00a0\u00bb custom_margin_tablet=\u00a0\u00bb\u00a0\u00bb custom_margin_phone=\u00a0\u00bb0px||0px||false|false\u00a0\u00bb custom_margin_last_edited=\u00a0\u00bbon|phone\u00a0\u00bb custom_padding_tablet=\u00a0\u00bb\u00a0\u00bb custom_padding_phone=\u00a0\u00bb0px||0px||false|false\u00a0\u00bb custom_padding_last_edited=\u00a0\u00bbon|phone\u00a0\u00bb text_font_size_tablet=\u00a0\u00bb22px\u00a0\u00bb text_font_size_phone=\u00a0\u00bb18px\u00a0\u00bb text_font_size_last_edited=\u00a0\u00bbon|phone\u00a0\u00bb global_colors_info=\u00a0\u00bb{}\u00a0\u00bb]<\/p>\n<p class=\"p1\">\" The collaboration with clients, artists and craftsmen takes place in the greatest respect and in complete transparency. The team and myself guarantee an answer to all your questions. \"<\/p>\n<p>[\/et_pb_text][et_pb_text _builder_version=\u00a0\u00bb4.27.4&Prime; _module_preset=\u00a0\u00bbdefault\u00a0\u00bb hover_enabled=\u00a0\u00bb0&Prime; sticky_enabled=\u00a0\u00bb0&Prime; text_font=\u00a0\u00bbRoboto Condensed||||||||\u00a0\u00bb text_text_color=\u00a0\u00bb#000000&Prime; text_font_size=\u00a0\u00bb17px\u00a0\u00bb text_orientation=\u00a0\u00bbcenter\u00a0\u00bb]<\/p>\n<p style=\"text-align: center;\"><strong><span style=\"color: #000000;\"><a href=\"mailto:agnes@agneskarp.com\" style=\"color: #000000;\">agnes@agneskarp.com<\/a><\/span><\/strong><br \/>Paris : +33 6 08 32 34 91<br \/>Duba\u00ef : +97 15 85 91 37 13<\/p>\n<p>[\/et_pb_text][dsm_contact_form_7 cf7_library=\u00a0\u00bb10040&Prime; button_alignment=\u00a0\u00bbright\u00a0\u00bb input_background_color=\u00a0\u00bb#FFFFFF\u00a0\u00bb _builder_version=\u00a0\u00bb4.27.4&Prime; _module_preset=\u00a0\u00bbdefault\u00a0\u00bb labels_font=\u00a0\u00bbRoboto|700|||||||\u00a0\u00bb labels_text_color=\u00a0\u00bb#000000&Prime; labels_font_size=\u00a0\u00bb15px\u00a0\u00bb input_textarea_select_font=\u00a0\u00bbRoboto|500|||||||\u00a0\u00bb input_textarea_select_text_color=\u00a0\u00bb#000000&Prime; error_msg_font=\u00a0\u00bbRoboto Condensed||||||||\u00a0\u00bb error_msg_text_color=\u00a0\u00bb#000000&Prime; error_validation_font=\u00a0\u00bbRoboto Condensed||||||||\u00a0\u00bb error_validation_text_color=\u00a0\u00bb#000000&Prime; success_validation_font=\u00a0\u00bbRoboto Condensed||||||||\u00a0\u00bb success_validation_text_color=\u00a0\u00bb#000000&Prime; success_validation_font_size=\u00a0\u00bb15px\u00a0\u00bb custom_button_one=\u00a0\u00bbon\u00a0\u00bb button_one_text_size=\u00a0\u00bb18px\u00a0\u00bb button_one_text_color=\u00a0\u00bb#000000&Prime; button_one_bg_color=\u00a0\u00bb#FFFFFF\u00a0\u00bb button_one_border_width=\u00a0\u00bb0px\u00a0\u00bb button_one_font=\u00a0\u00bbRoboto Condensed|||on|||||\u00a0\u00bb button_one_use_icon=\u00a0\u00bboff\u00a0\u00bb width=\u00a0\u00bb100%\u00a0\u00bb max_width=\u00a0\u00bb92%\u00a0\u00bb module_alignment=\u00a0\u00bbcenter\u00a0\u00bb hover_enabled=\u00a0\u00bb0&Prime; border_radii_image=\u00a0\u00bboff||||\u00a0\u00bb border_width_bottom_image=\u00a0\u00bb1px\u00a0\u00bb border_color_bottom_image=\u00a0\u00bb#000000&Prime; border_width_all_error_validation=\u00a0\u00bb0px\u00a0\u00bb border_width_all_validation_success=\u00a0\u00bb0px\u00a0\u00bb border_color_all_validation_success=\u00a0\u00bb#000000&Prime; global_colors_info=\u00a0\u00bb{}\u00a0\u00bb button_one_bg_color__hover_enabled=\u00a0\u00bboff|desktop\u00a0\u00bb sticky_enabled=\u00a0\u00bb0&Prime;][\/dsm_contact_form_7][\/et_pb_column][\/et_pb_row][\/et_pb_section]<\/p>","protected":false},"excerpt":{"rendered":"<p>\u00ab La collaboration avec les clients, les artistes et les artisans se d\u00e9roule dans le plus grand respect et en toute transparence. L\u2019\u00e9quipe et moi-m\u00eame garantissons une r\u00e9ponse \u00e0 toutes vos questions. \u00bbagnes@agneskarp.comParis : +33 6 08 32 34 91Duba\u00ef : +97 15 85 91 37 13<div class=\"et_pb_module dsm_contact_form_7 dsm_contact_form_7_0\">\n\t\t\t\t\n\t\t\t\t\n\t\t\t\t\n\t\t\t\t\n\t\t\t\t\n\t\t\t\t\n\t\t\t\t<div class=\"et_pb_module_inner\">\n\t\t\t\t\t<div class=\"\">\n\t\t\t\t<p class=\"wpcf7-contact-form-not-found\"><strong>Error:<\/strong> Contact form not found.<\/p>\n\t\t\t<\/div>\n\t\t\t\t<\/div>\n\t\t\t<\/div><\/p>","protected":false},"author":4,"featured_media":516,"parent":0,"menu_order":0,"comment_status":"closed","ping_status":"closed","template":"","meta":{"_acf_changed":false,"_et_pb_use_builder":"on","_et_pb_old_content":"","_et_gb_content_width":"1080","inline_featured_image":false,"footnotes":""},"class_list":["post-51","page","type-page","status-publish","has-post-thumbnail","hentry"],"acf":[],"_links":{"self":[{"href":"https:\/\/agneskarp.com\/en\/wp-json\/wp\/v2\/pages\/51","targetHints":{"allow":["GET"]}}],"collection":[{"href":"https:\/\/agneskarp.com\/en\/wp-json\/wp\/v2\/pages"}],"about":[{"href":"https:\/\/agneskarp.com\/en\/wp-json\/wp\/v2\/types\/page"}],"author":[{"embeddable":true,"href":"https:\/\/agneskarp.com\/en\/wp-json\/wp\/v2\/users\/4"}],"replies":[{"embeddable":true,"href":"https:\/\/agneskarp.com\/en\/wp-json\/wp\/v2\/comments?post=51"}],"version-history":[{"count":33,"href":"https:\/\/agneskarp.com\/en\/wp-json\/wp\/v2\/pages\/51\/revisions"}],"predecessor-version":[{"id":10091,"href":"https:\/\/agneskarp.com\/en\/wp-json\/wp\/v2\/pages\/51\/revisions\/10091"}],"wp:featuredmedia":[{"embeddable":true,"href":"https:\/\/agneskarp.com\/en\/wp-json\/wp\/v2\/media\/516"}],"wp:attachment":[{"href":"https:\/\/agneskarp.com\/en\/wp-json\/wp\/v2\/media?parent=51"}],"curies":[{"name":"wp","href":"https:\/\/api.w.org\/{rel}","templated":true}]}}